{"id":267,"date":"2025-04-17T09:03:26","date_gmt":"2025-04-17T09:03:26","guid":{"rendered":"https:\/\/nitroparc.ro\/?page_id=267"},"modified":"2025-04-17T09:04:10","modified_gmt":"2025-04-17T09:04:10","slug":"anunt-consultari-proiect-componenta-initiala-a-planului-de-selectie-sc-nitroparc-srl-fagaras","status":"publish","type":"page","link":"https:\/\/nitroparc.ro\/index.php\/anunt-consultari-proiect-componenta-initiala-a-planului-de-selectie-sc-nitroparc-srl-fagaras\/","title":{"rendered":"Anunt consult\u0103ri proiect componen\u021ba initial\u0103 a Planului de selectie SC Nitroparc SRL F\u0103g\u0103ra\u0219"},"content":{"rendered":"<a href=\"https:\/\/nitroparc.ro\/wp-content\/uploads\/2025\/04\/Anunt-consultari-proiect-componenta-initiala-a-Planului-de-selectie-SC-Nitroparc-Fagaras.pdf\" class=\"pdfemb-viewer\" style=\"width:700px;\" data-width=\"700\" data-height=\"max\" data-toolbar=\"bottom\" data-toolbar-fixed=\"off\">Anunt-consultari-proiect-componenta-initiala-a-Planului-de-selectie-SC-Nitroparc-Fagaras<\/a>\n\n\n<div class=\"wp-block-file\"><a id=\"wp-block-file--media-1c593a4c-9d14-41fa-9002-691a84264b1e\" href=\"https:\/\/nitroparc.ro\/wp-content\/uploads\/2025\/04\/Plan-de-selectie-componenta-initiala-SC-Nitroparc-SRL-Fagaras.docx\">Plan de selec\u021bie-componenta initiala SC Nitroparc SRL F\u0103g\u0103ras<\/a><a href=\"https:\/\/nitroparc.ro\/wp-content\/uploads\/2025\/04\/Plan-de-selectie-componenta-initiala-SC-Nitroparc-SRL-Fagaras.docx\" class=\"wp-block-file__button wp-element-button\" download aria-describedby=\"wp-block-file--media-1c593a4c-9d14-41fa-9002-691a84264b1e\">Descarc\u0103<\/a><\/div>\n","protected":false},"excerpt":{"rendered":"","protected":false},"author":1,"featured_media":0,"parent":0,"menu_order":0,"comment_status":"closed","ping_status":"closed","template":"","meta":{"footnotes":""},"class_list":["post-267","page","type-page","status-publish","hentry"],"_links":{"self":[{"href":"https:\/\/nitroparc.ro\/index.php\/wp-json\/wp\/v2\/pages\/267","targetHints":{"allow":["GET"]}}],"collection":[{"href":"https:\/\/nitroparc.ro\/index.php\/wp-json\/wp\/v2\/pages"}],"about":[{"href":"https:\/\/nitroparc.ro\/index.php\/wp-json\/wp\/v2\/types\/page"}],"author":[{"embeddable":true,"href":"https:\/\/nitroparc.ro\/index.php\/wp-json\/wp\/v2\/users\/1"}],"replies":[{"embeddable":true,"href":"https:\/\/nitroparc.ro\/index.php\/wp-json\/wp\/v2\/comments?post=267"}],"version-history":[{"count":2,"href":"https:\/\/nitroparc.ro\/index.php\/wp-json\/wp\/v2\/pages\/267\/revisions"}],"predecessor-version":[{"id":271,"href":"https:\/\/nitroparc.ro\/index.php\/wp-json\/wp\/v2\/pages\/267\/revisions\/271"}],"wp:attachment":[{"href":"https:\/\/nitroparc.ro\/index.php\/wp-json\/wp\/v2\/media?parent=267"}],"curies":[{"name":"wp","href":"https:\/\/api.w.org\/{rel}","templated":true}]}}